{"id":11727,"date":"2025-06-22T12:36:36","date_gmt":"2025-06-22T10:36:36","guid":{"rendered":"https:\/\/www.swe-albtal-triathlon.de\/triathlon\/?page_id=11727"},"modified":"2025-06-22T13:06:12","modified_gmt":"2025-06-22T11:06:12","slug":"elementor-11727","status":"publish","type":"page","link":"https:\/\/www.swe-albtal-triathlon.de\/triathlon\/elementor-11727\/","title":{"rendered":"Unterbringung"},"content":{"rendered":"\t\t<div data-elementor-type=\"wp-page\" data-elementor-id=\"11727\" class=\"elementor elementor-11727\">\n\t\t\t\t\t\t\t\t\t<section class=\"elementor-section elementor-top-section elementor-element elementor-element-c23fc20 elementor-section-boxed elementor-section-height-default elementor-section-height-default\" data-id=\"c23fc20\" data-element_type=\"section\">\n\t\t\t\t\t\t<div class=\"elementor-container elementor-column-gap-default\">\n\t\t\t\t\t<div class=\"elementor-column elementor-col-100 elementor-top-column elementor-element elementor-element-5752029\" data-id=\"5752029\" data-element_type=\"column\">\n\t\t\t<div class=\"elementor-widget-wrap elementor-element-populated\">\n\t\t\t\t\t\t\t\t<div class=\"elementor-element elementor-element-0644e11 elementor-widget elementor-widget-spacer\" data-id=\"0644e11\" data-element_type=\"widget\" data-widget_type=\"spacer.default\">\n\t\t\t\t<div class=\"elementor-widget-container\">\n\t\t\t<style>\/*! elementor - v3.9.0 - 06-12-2022 *\/\n.elementor-column .elementor-spacer-inner{height:var(--spacer-size)}.e-con{--container-widget-width:100%}.e-con-inner>.elementor-widget-spacer,.e-con>.elementor-widget-spacer{width:var(--container-widget-width,var(--spacer-size));--align-self:var(--container-widget-align-self,initial);--flex-shrink:0}.e-con-inner>.elementor-widget-spacer>.elementor-widget-container,.e-con-inner>.elementor-widget-spacer>.elementor-widget-container>.elementor-spacer,.e-con>.elementor-widget-spacer>.elementor-widget-container,.e-con>.elementor-widget-spacer>.elementor-widget-container>.elementor-spacer{height:100%}.e-con-inner>.elementor-widget-spacer>.elementor-widget-container>.elementor-spacer>.elementor-spacer-inner,.e-con>.elementor-widget-spacer>.elementor-widget-container>.elementor-spacer>.elementor-spacer-inner{height:var(--container-widget-height,var(--spacer-size))}<\/style>\t\t<div class=\"elementor-spacer\">\n\t\t\t<div class=\"elementor-spacer-inner\"><\/div>\n\t\t<\/div>\n\t\t\t\t<\/div>\n\t\t\t\t<\/div>\n\t\t\t\t<div class=\"elementor-element elementor-element-930d19d elementor-widget elementor-widget-heading\" data-id=\"930d19d\" data-element_type=\"widget\" data-widget_type=\"heading.default\">\n\t\t\t\t<div class=\"elementor-widget-container\">\n\t\t\t<style>\/*! elementor - v3.9.0 - 06-12-2022 *\/\n.elementor-heading-title{padding:0;margin:0;line-height:1}.elementor-widget-heading .elementor-heading-title[class*=elementor-size-]>a{color:inherit;font-size:inherit;line-height:inherit}.elementor-widget-heading .elementor-heading-title.elementor-size-small{font-size:15px}.elementor-widget-heading .elementor-heading-title.elementor-size-medium{font-size:19px}.elementor-widget-heading .elementor-heading-title.elementor-size-large{font-size:29px}.elementor-widget-heading .elementor-heading-title.elementor-size-xl{font-size:39px}.elementor-widget-heading .elementor-heading-title.elementor-size-xxl{font-size:59px}<\/style><h2 class=\"elementor-heading-title elementor-size-default\">Unterbringung<\/h2>\t\t<\/div>\n\t\t\t\t<\/div>\n\t\t\t\t\t<\/div>\n\t\t<\/div>\n\t\t\t\t\t\t\t<\/div>\n\t\t<\/section>\n\t\t\t\t<section class=\"elementor-section elementor-top-section elementor-element elementor-element-c718990 elementor-section-boxed elementor-section-height-default elementor-section-height-default\" data-id=\"c718990\" data-element_type=\"section\">\n\t\t\t\t\t\t<div class=\"elementor-container elementor-column-gap-default\">\n\t\t\t\t\t<div class=\"elementor-column elementor-col-100 elementor-top-column elementor-element elementor-element-65cad25\" data-id=\"65cad25\" data-element_type=\"column\">\n\t\t\t<div class=\"elementor-widget-wrap elementor-element-populated\">\n\t\t\t\t\t\t\t\t<div class=\"elementor-element elementor-element-f7f3998 elementor-widget elementor-widget-text-editor\" data-id=\"f7f3998\" data-element_type=\"widget\" data-widget_type=\"text-editor.default\">\n\t\t\t\t<div class=\"elementor-widget-container\">\n\t\t\t<style>\/*! elementor - v3.9.0 - 06-12-2022 *\/\n.elementor-widget-text-editor.elementor-drop-cap-view-stacked .elementor-drop-cap{background-color:#818a91;color:#fff}.elementor-widget-text-editor.elementor-drop-cap-view-framed .elementor-drop-cap{color:#818a91;border:3px solid;background-color:transparent}.elementor-widget-text-editor:not(.elementor-drop-cap-view-default) .elementor-drop-cap{margin-top:8px}.elementor-widget-text-editor:not(.elementor-drop-cap-view-default) .elementor-drop-cap-letter{width:1em;height:1em}.elementor-widget-text-editor .elementor-drop-cap{float:left;text-align:center;line-height:1;font-size:50px}.elementor-widget-text-editor .elementor-drop-cap-letter{display:inline-block}<\/style>\t\t\t\t<p>\u00a0<\/p><p>Unser Hotelpartner, das <a href=\"https:\/\/www.erbprinz.de\/\">Hotel Erbprinz<\/a> in Ettlingen, bietet f\u00fcr unsere Starter und deren Begleiter ein Sonderangebot. 25% Rabatt mit dem Code ALBTRAUM3 bei der Anmeldung (G\u00fcltig ab 1.7.2025).\u00a0<br \/>Dazu bekommt ihr am Renntag ein Fr\u00fchst\u00fcck ab 6:00. Das Hotel befindet sich ca. 4km vom Wettkampf-Ort entfernt und bietet \u00dcbernachtungen auf h\u00f6chstem Niveau.<\/p><p><a href=\"https:\/\/www.erbprinz.de\">https:\/\/www.erbprinz.de<\/a><\/p>\t\t\t\t\t\t<\/div>\n\t\t\t\t<\/div>\n\t\t\t\t\t<\/div>\n\t\t<\/div>\n\t\t\t\t\t\t\t<\/div>\n\t\t<\/section>\n\t\t\t\t\t\t\t<\/div>\n\t\t","protected":false},"excerpt":{"rendered":"<p>Unterbringung Unser Hotelpartner, das Hotel Erbprinz in Ettlingen, bietet f\u00fcr unsere Starter und deren Begleiter ein Sonderangebot. 25% Rabatt mit dem Code ALBTRAUM3 bei der Anmeldung (G\u00fcltig ab 1.7.2025).\u00a0Dazu bekommt ihr am Renntag ein Fr\u00fchst\u00fcck ab 6:00. Das Hotel befindet sich ca. 4km vom Wettkampf-Ort entfernt und bietet \u00dcbernachtungen auf h\u00f6chstem Niveau. https:\/\/www.erbprinz.de<\/p>\n","protected":false},"author":1,"featured_media":0,"parent":0,"menu_order":0,"comment_status":"closed","ping_status":"closed","template":"","meta":{"ngg_post_thumbnail":0,"footnotes":""},"class_list":["post-11727","page","type-page","status-publish","hentry","entry"],"_links":{"self":[{"href":"https:\/\/www.swe-albtal-triathlon.de\/triathlon\/wp-json\/wp\/v2\/pages\/11727","targetHints":{"allow":["GET"]}}],"collection":[{"href":"https:\/\/www.swe-albtal-triathlon.de\/triathlon\/wp-json\/wp\/v2\/pages"}],"about":[{"href":"https:\/\/www.swe-albtal-triathlon.de\/triathlon\/wp-json\/wp\/v2\/types\/page"}],"author":[{"embeddable":true,"href":"https:\/\/www.swe-albtal-triathlon.de\/triathlon\/wp-json\/wp\/v2\/users\/1"}],"replies":[{"embeddable":true,"href":"https:\/\/www.swe-albtal-triathlon.de\/triathlon\/wp-json\/wp\/v2\/comments?post=11727"}],"version-history":[{"count":13,"href":"https:\/\/www.swe-albtal-triathlon.de\/triathlon\/wp-json\/wp\/v2\/pages\/11727\/revisions"}],"predecessor-version":[{"id":11743,"href":"https:\/\/www.swe-albtal-triathlon.de\/triathlon\/wp-json\/wp\/v2\/pages\/11727\/revisions\/11743"}],"wp:attachment":[{"href":"https:\/\/www.swe-albtal-triathlon.de\/triathlon\/wp-json\/wp\/v2\/media?parent=11727"}],"curies":[{"name":"wp","href":"https:\/\/api.w.org\/{rel}","templated":true}]}}