{"id":116,"date":"2022-12-16T20:58:02","date_gmt":"2022-12-16T19:58:02","guid":{"rendered":"https:\/\/www.swe-albtal-triathlon.de\/triathlon\/?page_id=116"},"modified":"2025-10-14T19:26:47","modified_gmt":"2025-10-14T17:26:47","slug":"athleten","status":"publish","type":"page","link":"https:\/\/www.swe-albtal-triathlon.de\/triathlon\/athleten\/","title":{"rendered":"Athleten-Info"},"content":{"rendered":"\t\t<div data-elementor-type=\"wp-page\" data-elementor-id=\"116\" class=\"elementor elementor-116\">\n\t\t\t\t\t\t\t\t\t<section class=\"elementor-section elementor-top-section elementor-element elementor-element-23baf75 elementor-section-boxed elementor-section-height-default elementor-section-height-default\" data-id=\"23baf75\" data-element_type=\"section\">\n\t\t\t\t\t\t<div class=\"elementor-container elementor-column-gap-default\">\n\t\t\t\t\t<div class=\"elementor-column elementor-col-100 elementor-top-column elementor-element elementor-element-274f3b3\" data-id=\"274f3b3\" data-element_type=\"column\">\n\t\t\t<div class=\"elementor-widget-wrap elementor-element-populated\">\n\t\t\t\t\t\t\t\t<div class=\"elementor-element elementor-element-14d1da3 elementor-widget elementor-widget-spacer\" data-id=\"14d1da3\" data-element_type=\"widget\" data-widget_type=\"spacer.default\">\n\t\t\t\t<div class=\"elementor-widget-container\">\n\t\t\t<style>\/*! elementor - v3.9.0 - 06-12-2022 *\/\n.elementor-column .elementor-spacer-inner{height:var(--spacer-size)}.e-con{--container-widget-width:100%}.e-con-inner>.elementor-widget-spacer,.e-con>.elementor-widget-spacer{width:var(--container-widget-width,var(--spacer-size));--align-self:var(--container-widget-align-self,initial);--flex-shrink:0}.e-con-inner>.elementor-widget-spacer>.elementor-widget-container,.e-con-inner>.elementor-widget-spacer>.elementor-widget-container>.elementor-spacer,.e-con>.elementor-widget-spacer>.elementor-widget-container,.e-con>.elementor-widget-spacer>.elementor-widget-container>.elementor-spacer{height:100%}.e-con-inner>.elementor-widget-spacer>.elementor-widget-container>.elementor-spacer>.elementor-spacer-inner,.e-con>.elementor-widget-spacer>.elementor-widget-container>.elementor-spacer>.elementor-spacer-inner{height:var(--container-widget-height,var(--spacer-size))}<\/style>\t\t<div class=\"elementor-spacer\">\n\t\t\t<div class=\"elementor-spacer-inner\"><\/div>\n\t\t<\/div>\n\t\t\t\t<\/div>\n\t\t\t\t<\/div>\n\t\t\t\t\t<\/div>\n\t\t<\/div>\n\t\t\t\t\t\t\t<\/div>\n\t\t<\/section>\n\t\t\t\t<section class=\"elementor-section elementor-top-section elementor-element elementor-element-873f519 elementor-section-boxed elementor-section-height-default elementor-section-height-default\" data-id=\"873f519\" data-element_type=\"section\">\n\t\t\t\t\t\t<div class=\"elementor-container elementor-column-gap-default\">\n\t\t\t\t\t<div class=\"elementor-column elementor-col-100 elementor-top-column elementor-element elementor-element-2a5db47\" data-id=\"2a5db47\" data-element_type=\"column\">\n\t\t\t<div class=\"elementor-widget-wrap elementor-element-populated\">\n\t\t\t\t\t\t\t\t<div class=\"elementor-element elementor-element-bb9e02e elementor-widget elementor-widget-text-editor\" data-id=\"bb9e02e\" data-element_type=\"widget\" data-widget_type=\"text-editor.default\">\n\t\t\t\t<div class=\"elementor-widget-container\">\n\t\t\t<style>\/*! elementor - v3.9.0 - 06-12-2022 *\/\n.elementor-widget-text-editor.elementor-drop-cap-view-stacked .elementor-drop-cap{background-color:#818a91;color:#fff}.elementor-widget-text-editor.elementor-drop-cap-view-framed .elementor-drop-cap{color:#818a91;border:3px solid;background-color:transparent}.elementor-widget-text-editor:not(.elementor-drop-cap-view-default) .elementor-drop-cap{margin-top:8px}.elementor-widget-text-editor:not(.elementor-drop-cap-view-default) .elementor-drop-cap-letter{width:1em;height:1em}.elementor-widget-text-editor .elementor-drop-cap{float:left;text-align:center;line-height:1;font-size:50px}.elementor-widget-text-editor .elementor-drop-cap-letter{display:inline-block}<\/style>\t\t\t\t<p>So langsam steigt die Spannung! Damit ihr euch m\u00f6glichst gut organisieren k\u00f6nnt, haben wir f\u00fcr euch hier noch ein paar wichtige Infos gesammelt:<\/p><p><b>Ausgabe Startunterlagen Einzelstarter und Staffeln\u00a0<\/b><\/p><p>Startunterlagen gibt es am Samstag von 16 \u2013 18 Uhr oder am Sonntag ab 6:30 \u2013 8:30 direkt am Buchtzigsee-Eingang. In den Startunterlagen findest Du die Aufkleber f\u00fcr den Helm, das Rad und Dein Gep\u00e4ck sowie den Transponder (Zeitchip) mit Klettband, der am linken Kn\u00f6chel befestigt werden muss.<\/p><p><b><span style=\"font-size: 20px; color: var( --e-global-color-text );\">Kontrolle Startpass \/ Tageslizenz<\/span><\/b><\/p><p>Solltest Du als Einzelstarter keinen Startpass besitzen, ist f\u00fcr die Teilnahme eine Tageslizenz notwendig. Hierf\u00fcr fallen 20 \u20ac an, die bei der Anmeldung mit abgebucht wurden. Ansonsten erfolgt die Startpasskontrolle anhand der App bei der Startnummernabholung. Teilnehmer einer Staffel ben\u00f6tigen keinen Startpass oder Tageslizenz.<\/p><p><b>Die Wassertemperatur \/ Neoprenschwimmen<\/b><\/p><p>Ob mit Neopren geschwommen werden darf, wird am Wettkampftag vom Kampfrichter entschieden und bekannt gegeben. Ab einer Wassertemperatur von \u226522,0 \u00b0C wird ohne Neopren geschwommen. Athleten ab AK60 Jahren d\u00fcrfen den Neoprenanzug bis zu einer Wassertemperatur von 24,5 <span style=\"font-family: 'Advent Pro', sans-serif; font-size: 20px; font-style: normal; font-variant-caps: normal; color: var( --e-global-color-text );\">\u00b0C tragen.<\/span><\/p><p><b>3a) Neoprenverleih<\/b><\/p><p>Einen Neoprenverleih gibt es vor Ort nicht.<\/p><p><b>3b) Restube<\/b><\/p><p><span style=\"font-size: 20px; color: var( --e-global-color-text );\">Bei Interesse kannst Du Dir an der Info \/ Startnummernausgabe f\u00fcr den Wettkampf kostenlos eine <a href=\"https:\/\/www.restube.com\">Restube-Boje<\/a> von unserem Partner f\u00fcr mehr Sicherheit im Wasser ausleihen. Hierf\u00fcr ist ein Pfand von 30 \u20ac zu hinterlegen.\u00a0<\/span><\/p><p><b>Der Zeitplan<\/b><\/p><p>Den <a href=\"https:\/\/www.swe-albtal-triathlon.de\/triathlon\/zeitplan\/\">Zeitplan<\/a> findest Du <span style=\"text-decoration: underline;\"><a href=\"https:\/\/www.swe-albtal-triathlon.de\/triathlon\/zeitplan-2\/\">hier<\/a>.<\/span> Ausserdem wird er an der Info \/ Startnummernabholung ausgeh\u00e4ngt.<\/p><div>\u00a0<\/div><p><b>Wettkampfbesprechung<\/b><\/p><p>Die Wettkampfbesprechung wird um 8:45 Uhr am Schwimmstart stattfinden und ist f\u00fcr alle Starter <span style=\"text-decoration: underline;\">verpflichtend<\/span>.<\/p><p><b>Badem\u00fctze + Startnummernband<\/b><\/p><p>Beim Schwimmen ist das Tragen einer Badekappe aus Sichtbarkeitsgr\u00fcnden Pflicht. Aus Nachhaltigkeitsgr\u00fcnden werden wir allerdings keine Badekappe ausgeben \u2013 bringe daher bitte eine eigene Badekappe mit. Gleiches gilt f\u00fcr das Startnummernband: bringe Dein eigenes Band mit. Du kannst gegen eine geringe Geb\u00fchr eine Badekappe und ein Startnummernband an der Startnummernausgabe erwerben.<\/p><p><b>Startablauf<\/b><\/p><p><span style=\"font-family: 'Advent Pro', sans-serif; font-size: 20px; font-style: normal; font-variant-caps: normal;\">Es wird eine Top-Startgruppe f\u00fcr registrierte Teilnehmer geben, gefolgt von einem Rolling Start f\u00fcr alle anderen Starter. Die M\u00f6glichkeit, sich f\u00fcr die Top-Startgruppe einzuordnen, besteht bei der Anmeldung auf raceresult.de.<\/span><\/p><p><b>Staffeln<\/b><\/p><p>Der Transponder\/Zeitchip ist das \u201eStaffelholz\u201c. Dieser wird vom Schwimmer im Wechselbereich an den Radfahrer, dann an den L\u00e4ufer \u00fcbergeben und muss immer am Kn\u00f6chel getragen werden. Zus\u00e4tzlich zum Zeitchip muss die Startnummer vom Radfahrer an den L\u00e4ufer \u00fcbergeben werden.\u00a0<\/p><p style=\"font-variant-caps: normal; font-family: 'Advent Pro', sans-serif; font-size: 20px; font-style: normal;\"><b>Zeitstrafe<\/b><\/p><p style=\"font-variant-caps: normal; font-family: 'Advent Pro', sans-serif; font-size: 20px; font-style: normal;\"><span style=\"font-size: 20px; color: var( --e-global-color-text );\">Potenzielle Zeitstrafen, die ihr von einem Kampfrichter bekommen k\u00f6nnt, werden auf eure Endzeit addiert.\u00a0<\/span><\/p><p><b>Last-Minute Pannenhilfe<\/b><\/p><p>Vor Ort wird es einen kleinen Stand geben, an dem euch bei <span style=\"text-decoration: underline;\">kleineren<\/span> Pannen vor dem Start geholfen werden kann.<\/p><p><b>Parken<\/b><\/p><p>Parken d\u00fcrft ihr in den beiden Industriegebieten rund um den Buchtzigsee, siehe\u00a0<a href=\"https:\/\/www.swe-albtal-triathlon.de\/triathlon\/lageplan\" target=\"_blank\" rel=\"noopener\">Lageplan<\/a>. Bitte haltet euch daran. Die wenigen Parkpl\u00e4tze am Buchtzigsee stehen unseren Helfern und den Buchtzigsee-Besuchern zur Verf\u00fcgung. Zwischen 9:00 &#8211; 14:00 ist eine Zu- und Abfahrt von diesem Parkplatz <span style=\"text-decoration: underline;\">nicht<\/span> m\u00f6glich da hier die Wettkampfstrecke kreuzt.\u00a0<\/p><p><b>Gep\u00e4ckaufbewahrung<\/b><\/p><p>Im Bereich der Zielverpflegung (Triathlon Heaven) \u2013 nur f\u00fcr Teilnehmer zug\u00e4nglich &#8211; wird es eine Gep\u00e4ckaufbewahrungsm\u00f6glichkeit geben.\u00a0<\/p><p style=\"font-variant-caps: normal; font-family: 'Advent Pro', sans-serif; font-size: 20px; font-style: normal;\"><b style=\"font-size: 20px;\">Verpflegung<\/b><\/p><p style=\"font-variant-caps: normal; font-family: 'Advent Pro', sans-serif; font-size: 20px; font-style: normal;\">Der Buchtzigsee-Kiosk beim Schwimmstart hat ab 8:30 Uhr f\u00fcr uns ge\u00f6ffnet und serviert zu fr\u00fcher Stunde schon Kaffee und Brezeln. Sp\u00e4ter dann auch gute Currywurst und Pommes. Zus\u00e4tzlich wir es einen Kuchenverkauf geben.<\/p><p><b>Badischer Triathlon Cup<\/b><\/p><p>Und falls Du immer noch nicht genug vom Triathlon bekommen kannst oder Du bereits ein paar Triathlons im Badischem Raum absolviert hast, schau doch mal hier rein:\u00a0<a style=\"font-size: 20px;\" href=\"https:\/\/www.badentricup.de\" target=\"_blank\" rel=\"noopener\">https:\/\/www.badentricup.de\/<\/a><\/p><p><b style=\"font-size: 20px; color: var( --e-global-color-text );\">Allgemeiner \u00dcbersichtsplan:<\/b><\/p><p><span style=\"font-family: 'Advent Pro', sans-serif; font-size: 20px; font-style: normal; font-variant-caps: normal;\">Siehe\u00a0<\/span><a style=\"font-size: 20px; font-style: normal; font-variant-caps: normal;\" href=\"https:\/\/www.swe-albtal-triathlon.de\/triathlon\/lageplan\/\">Lageplan<\/a><\/p>\t\t\t\t\t\t<\/div>\n\t\t\t\t<\/div>\n\t\t\t\t\t<\/div>\n\t\t<\/div>\n\t\t\t\t\t\t\t<\/div>\n\t\t<\/section>\n\t\t\t\t<section class=\"elementor-section elementor-top-section elementor-element elementor-element-539b684 elementor-section-boxed elementor-section-height-default elementor-section-height-default\" data-id=\"539b684\" data-element_type=\"section\">\n\t\t\t\t\t\t<div class=\"elementor-container elementor-column-gap-default\">\n\t\t\t\t\t<div class=\"elementor-column elementor-col-100 elementor-top-column elementor-element elementor-element-ab61446\" data-id=\"ab61446\" data-element_type=\"column\">\n\t\t\t<div class=\"elementor-widget-wrap elementor-element-populated\">\n\t\t\t\t\t\t\t\t<div class=\"elementor-element elementor-element-c76d209 elementor-widget elementor-widget-text-editor\" data-id=\"c76d209\" data-element_type=\"widget\" data-widget_type=\"text-editor.default\">\n\t\t\t\t<div class=\"elementor-widget-container\">\n\t\t\t\t\t\t\t<b>Streckenpl\u00e4ne inkl. Verpflegungsstellen<\/b>\n\n<p><u>Schwimmstrecke:<\/u> Es werden 2 Runden mit je 750 m geschwommen. Zwischen Runde 1 und 2 erfolgt ein kurzer Landgang.<\/p>\t\t\t\t\t\t<\/div>\n\t\t\t\t<\/div>\n\t\t\t\t\t<\/div>\n\t\t<\/div>\n\t\t\t\t\t\t\t<\/div>\n\t\t<\/section>\n\t\t\t\t<section class=\"elementor-section elementor-top-section elementor-element elementor-element-d020753 elementor-section-boxed elementor-section-height-default elementor-section-height-default\" data-id=\"d020753\" data-element_type=\"section\">\n\t\t\t\t\t\t<div class=\"elementor-container elementor-column-gap-default\">\n\t\t\t\t\t<div class=\"elementor-column elementor-col-100 elementor-top-column elementor-element elementor-element-e72614f\" data-id=\"e72614f\" data-element_type=\"column\">\n\t\t\t<div class=\"elementor-widget-wrap elementor-element-populated\">\n\t\t\t\t\t\t\t\t<div class=\"elementor-element elementor-element-0b25b46 elementor-widget elementor-widget-image\" data-id=\"0b25b46\" data-element_type=\"widget\" data-widget_type=\"image.default\">\n\t\t\t\t<div class=\"elementor-widget-container\">\n\t\t\t<style>\/*! elementor - v3.9.0 - 06-12-2022 *\/\n.elementor-widget-image{text-align:center}.elementor-widget-image a{display:inline-block}.elementor-widget-image a img[src$=\".svg\"]{width:48px}.elementor-widget-image img{vertical-align:middle;display:inline-block}<\/style>\t\t\t\t\t\t\t\t\t\t\t\t<img loading=\"lazy\" decoding=\"async\" width=\"1024\" height=\"542\" src=\"https:\/\/www.swe-albtal-triathlon.de\/triathlon\/wp-content\/uploads\/2023\/08\/Bildschirmfoto-2023-08-26-um-14.40.17-1024x542.png\" class=\"attachment-large size-large wp-image-3370\" alt=\"\" srcset=\"https:\/\/www.swe-albtal-triathlon.de\/triathlon\/wp-content\/uploads\/2023\/08\/Bildschirmfoto-2023-08-26-um-14.40.17-1024x542.png 1024w, https:\/\/www.swe-albtal-triathlon.de\/triathlon\/wp-content\/uploads\/2023\/08\/Bildschirmfoto-2023-08-26-um-14.40.17-300x159.png 300w, https:\/\/www.swe-albtal-triathlon.de\/triathlon\/wp-content\/uploads\/2023\/08\/Bildschirmfoto-2023-08-26-um-14.40.17-768x407.png 768w, https:\/\/www.swe-albtal-triathlon.de\/triathlon\/wp-content\/uploads\/2023\/08\/Bildschirmfoto-2023-08-26-um-14.40.17-1536x813.png 1536w, https:\/\/www.swe-albtal-triathlon.de\/triathlon\/wp-content\/uploads\/2023\/08\/Bildschirmfoto-2023-08-26-um-14.40.17.png 1824w\" sizes=\"auto, (max-width: 1024px) 100vw, 1024px\" \/>\t\t\t\t\t\t\t\t\t\t\t\t\t\t\t<\/div>\n\t\t\t\t<\/div>\n\t\t\t\t\t<\/div>\n\t\t<\/div>\n\t\t\t\t\t\t\t<\/div>\n\t\t<\/section>\n\t\t\t\t<section class=\"elementor-section elementor-top-section elementor-element elementor-element-522da7e elementor-section-boxed elementor-section-height-default elementor-section-height-default\" data-id=\"522da7e\" data-element_type=\"section\">\n\t\t\t\t\t\t<div class=\"elementor-container elementor-column-gap-default\">\n\t\t\t\t\t<div class=\"elementor-column elementor-col-100 elementor-top-column elementor-element elementor-element-7084125\" data-id=\"7084125\" data-element_type=\"column\">\n\t\t\t<div class=\"elementor-widget-wrap elementor-element-populated\">\n\t\t\t\t\t\t\t\t<div class=\"elementor-element elementor-element-2acc33b elementor-widget elementor-widget-text-editor\" data-id=\"2acc33b\" data-element_type=\"widget\" data-widget_type=\"text-editor.default\">\n\t\t\t\t<div class=\"elementor-widget-container\">\n\t\t\t\t\t\t\t<u>Radstrecke:<\/u> Es werden 3 Runde mit je ca. 13 km gefahren. Die Verpflegungsstation befindet sich in Sch\u00f6llbronn kurz vor der Wende am Kreisverkehr.\t\t\t\t\t\t<\/div>\n\t\t\t\t<\/div>\n\t\t\t\t\t<\/div>\n\t\t<\/div>\n\t\t\t\t\t\t\t<\/div>\n\t\t<\/section>\n\t\t\t\t<section class=\"elementor-section elementor-top-section elementor-element elementor-element-44727f7 elementor-section-boxed elementor-section-height-default elementor-section-height-default\" data-id=\"44727f7\" data-element_type=\"section\">\n\t\t\t\t\t\t<div class=\"elementor-container elementor-column-gap-default\">\n\t\t\t\t\t<div class=\"elementor-column elementor-col-100 elementor-top-column elementor-element elementor-element-fddd88e\" data-id=\"fddd88e\" data-element_type=\"column\">\n\t\t\t<div class=\"elementor-widget-wrap elementor-element-populated\">\n\t\t\t\t\t\t\t\t<div class=\"elementor-element elementor-element-3d0829c elementor-widget elementor-widget-image\" data-id=\"3d0829c\" data-element_type=\"widget\" data-widget_type=\"image.default\">\n\t\t\t\t<div class=\"elementor-widget-container\">\n\t\t\t\t\t\t\t\t\t\t\t\t\t\t\t<img loading=\"lazy\" decoding=\"async\" width=\"1024\" height=\"456\" src=\"https:\/\/www.swe-albtal-triathlon.de\/triathlon\/wp-content\/uploads\/2023\/08\/Bildschirmfoto-2023-08-26-um-14.42.31-1024x456.png\" class=\"attachment-large size-large wp-image-3371\" alt=\"\" srcset=\"https:\/\/www.swe-albtal-triathlon.de\/triathlon\/wp-content\/uploads\/2023\/08\/Bildschirmfoto-2023-08-26-um-14.42.31-1024x456.png 1024w, https:\/\/www.swe-albtal-triathlon.de\/triathlon\/wp-content\/uploads\/2023\/08\/Bildschirmfoto-2023-08-26-um-14.42.31-300x133.png 300w, https:\/\/www.swe-albtal-triathlon.de\/triathlon\/wp-content\/uploads\/2023\/08\/Bildschirmfoto-2023-08-26-um-14.42.31-768x342.png 768w, https:\/\/www.swe-albtal-triathlon.de\/triathlon\/wp-content\/uploads\/2023\/08\/Bildschirmfoto-2023-08-26-um-14.42.31-1536x683.png 1536w, https:\/\/www.swe-albtal-triathlon.de\/triathlon\/wp-content\/uploads\/2023\/08\/Bildschirmfoto-2023-08-26-um-14.42.31-2048x911.png 2048w\" sizes=\"auto, (max-width: 1024px) 100vw, 1024px\" \/>\t\t\t\t\t\t\t\t\t\t\t\t\t\t\t<\/div>\n\t\t\t\t<\/div>\n\t\t\t\t\t<\/div>\n\t\t<\/div>\n\t\t\t\t\t\t\t<\/div>\n\t\t<\/section>\n\t\t\t\t<section class=\"elementor-section elementor-top-section elementor-element elementor-element-ff5b37e elementor-section-boxed elementor-section-height-default elementor-section-height-default\" data-id=\"ff5b37e\" data-element_type=\"section\">\n\t\t\t\t\t\t<div class=\"elementor-container elementor-column-gap-default\">\n\t\t\t\t\t<div class=\"elementor-column elementor-col-100 elementor-top-column elementor-element elementor-element-922aec7\" data-id=\"922aec7\" data-element_type=\"column\">\n\t\t\t<div class=\"elementor-widget-wrap elementor-element-populated\">\n\t\t\t\t\t\t\t\t<div class=\"elementor-element elementor-element-a40ec83 elementor-widget elementor-widget-text-editor\" data-id=\"a40ec83\" data-element_type=\"widget\" data-widget_type=\"text-editor.default\">\n\t\t\t\t<div class=\"elementor-widget-container\">\n\t\t\t\t\t\t\t<p><u>Laufstrecke:<\/u> Die ca. 5 km lange Runde wird 2 Mal durchlaufen. Der Wendepunkt befindet sich bei der Wechselzone. Die Verpflegungsstation befindet sich zu Beginn der ersten Laufrunde bzw. kurz nach dem Wendepunkt. Zus\u00e4tzlich wird am hinteren See (Hurstsee) eine weitere Verpflegungsstation aufgebaut sein.<\/p>\t\t\t\t\t\t<\/div>\n\t\t\t\t<\/div>\n\t\t\t\t\t<\/div>\n\t\t<\/div>\n\t\t\t\t\t\t\t<\/div>\n\t\t<\/section>\n\t\t\t\t<section class=\"elementor-section elementor-top-section elementor-element elementor-element-45b76c1 elementor-section-boxed elementor-section-height-default elementor-section-height-default\" data-id=\"45b76c1\" data-element_type=\"section\">\n\t\t\t\t\t\t<div class=\"elementor-container elementor-column-gap-default\">\n\t\t\t\t\t<div class=\"elementor-column elementor-col-100 elementor-top-column elementor-element elementor-element-7dfc8ef\" data-id=\"7dfc8ef\" data-element_type=\"column\">\n\t\t\t<div class=\"elementor-widget-wrap elementor-element-populated\">\n\t\t\t\t\t\t\t\t<div class=\"elementor-element elementor-element-eef5043 elementor-widget elementor-widget-image\" data-id=\"eef5043\" data-element_type=\"widget\" data-widget_type=\"image.default\">\n\t\t\t\t<div class=\"elementor-widget-container\">\n\t\t\t\t\t\t\t\t\t\t\t\t\t\t\t<img loading=\"lazy\" decoding=\"async\" width=\"1024\" height=\"329\" src=\"https:\/\/www.swe-albtal-triathlon.de\/triathlon\/wp-content\/uploads\/2024\/06\/LaufstreckeHP-1024x329.png\" class=\"attachment-large size-large wp-image-9909\" alt=\"\" srcset=\"https:\/\/www.swe-albtal-triathlon.de\/triathlon\/wp-content\/uploads\/2024\/06\/LaufstreckeHP-1024x329.png 1024w, https:\/\/www.swe-albtal-triathlon.de\/triathlon\/wp-content\/uploads\/2024\/06\/LaufstreckeHP-300x96.png 300w, https:\/\/www.swe-albtal-triathlon.de\/triathlon\/wp-content\/uploads\/2024\/06\/LaufstreckeHP-768x247.png 768w, https:\/\/www.swe-albtal-triathlon.de\/triathlon\/wp-content\/uploads\/2024\/06\/LaufstreckeHP-1536x493.png 1536w, https:\/\/www.swe-albtal-triathlon.de\/triathlon\/wp-content\/uploads\/2024\/06\/LaufstreckeHP-2048x658.png 2048w\" sizes=\"auto, (max-width: 1024px) 100vw, 1024px\" \/>\t\t\t\t\t\t\t\t\t\t\t\t\t\t\t<\/div>\n\t\t\t\t<\/div>\n\t\t\t\t\t<\/div>\n\t\t<\/div>\n\t\t\t\t\t\t\t<\/div>\n\t\t<\/section>\n\t\t\t\t<section class=\"elementor-section elementor-top-section elementor-element elementor-element-1794de2 elementor-section-boxed elementor-section-height-default elementor-section-height-default\" data-id=\"1794de2\" data-element_type=\"section\">\n\t\t\t\t\t\t<div class=\"elementor-container elementor-column-gap-default\">\n\t\t\t\t\t<div class=\"elementor-column elementor-col-100 elementor-top-column elementor-element elementor-element-093c8b4\" data-id=\"093c8b4\" data-element_type=\"column\">\n\t\t\t<div class=\"elementor-widget-wrap elementor-element-populated\">\n\t\t\t\t\t\t\t\t<div class=\"elementor-element elementor-element-17ce305 elementor-widget elementor-widget-text-editor\" data-id=\"17ce305\" data-element_type=\"widget\" data-widget_type=\"text-editor.default\">\n\t\t\t\t<div class=\"elementor-widget-container\">\n\t\t\t\t\t\t\t<b>\u00dcbersicht Wechselzone &amp; Wendepunkte<\/b>\t\t\t\t\t\t<\/div>\n\t\t\t\t<\/div>\n\t\t\t\t\t<\/div>\n\t\t<\/div>\n\t\t\t\t\t\t\t<\/div>\n\t\t<\/section>\n\t\t\t\t<section class=\"elementor-section elementor-top-section elementor-element elementor-element-bf8ee52 elementor-section-boxed elementor-section-height-default elementor-section-height-default\" data-id=\"bf8ee52\" data-element_type=\"section\">\n\t\t\t\t\t\t<div class=\"elementor-container elementor-column-gap-default\">\n\t\t\t\t\t<div class=\"elementor-column elementor-col-100 elementor-top-column elementor-element elementor-element-526a6ea\" data-id=\"526a6ea\" data-element_type=\"column\">\n\t\t\t<div class=\"elementor-widget-wrap elementor-element-populated\">\n\t\t\t\t\t\t\t\t<div class=\"elementor-element elementor-element-5e1dcc1 elementor-widget elementor-widget-image\" data-id=\"5e1dcc1\" data-element_type=\"widget\" data-widget_type=\"image.default\">\n\t\t\t\t<div class=\"elementor-widget-container\">\n\t\t\t\t\t\t\t\t\t\t\t\t\t\t\t<img loading=\"lazy\" decoding=\"async\" width=\"1024\" height=\"743\" src=\"https:\/\/www.swe-albtal-triathlon.de\/triathlon\/wp-content\/uploads\/2024\/06\/WZund-Wende-HP-1024x743.png\" class=\"attachment-large size-large wp-image-9910\" alt=\"\" srcset=\"https:\/\/www.swe-albtal-triathlon.de\/triathlon\/wp-content\/uploads\/2024\/06\/WZund-Wende-HP-1024x743.png 1024w, https:\/\/www.swe-albtal-triathlon.de\/triathlon\/wp-content\/uploads\/2024\/06\/WZund-Wende-HP-300x218.png 300w, https:\/\/www.swe-albtal-triathlon.de\/triathlon\/wp-content\/uploads\/2024\/06\/WZund-Wende-HP-768x557.png 768w, https:\/\/www.swe-albtal-triathlon.de\/triathlon\/wp-content\/uploads\/2024\/06\/WZund-Wende-HP-1536x1115.png 1536w, https:\/\/www.swe-albtal-triathlon.de\/triathlon\/wp-content\/uploads\/2024\/06\/WZund-Wende-HP.png 1707w\" sizes=\"auto, (max-width: 1024px) 100vw, 1024px\" \/>\t\t\t\t\t\t\t\t\t\t\t\t\t\t\t<\/div>\n\t\t\t\t<\/div>\n\t\t\t\t\t<\/div>\n\t\t<\/div>\n\t\t\t\t\t\t\t<\/div>\n\t\t<\/section>\n\t\t\t\t\t\t\t<\/div>\n\t\t","protected":false},"excerpt":{"rendered":"<p>So langsam steigt die Spannung! Damit ihr euch m\u00f6glichst gut organisieren k\u00f6nnt, haben wir f\u00fcr euch hier noch ein paar wichtige Infos gesammelt: Ausgabe Startunterlagen Einzelstarter und Staffeln\u00a0 Startunterlagen gibt es am Samstag von 16 \u2013 18 Uhr oder am Sonntag ab 6:30 \u2013 8:30 direkt am Buchtzigsee-Eingang. In den Startunterlagen findest Du die Aufkleber [&hellip;]<\/p>\n","protected":false},"author":1,"featured_media":0,"parent":0,"menu_order":0,"comment_status":"closed","ping_status":"closed","template":"","meta":{"ngg_post_thumbnail":0,"footnotes":""},"class_list":["post-116","page","type-page","status-publish","hentry","entry"],"_links":{"self":[{"href":"https:\/\/www.swe-albtal-triathlon.de\/triathlon\/wp-json\/wp\/v2\/pages\/116","targetHints":{"allow":["GET"]}}],"collection":[{"href":"https:\/\/www.swe-albtal-triathlon.de\/triathlon\/wp-json\/wp\/v2\/pages"}],"about":[{"href":"https:\/\/www.swe-albtal-triathlon.de\/triathlon\/wp-json\/wp\/v2\/types\/page"}],"author":[{"embeddable":true,"href":"https:\/\/www.swe-albtal-triathlon.de\/triathlon\/wp-json\/wp\/v2\/users\/1"}],"replies":[{"embeddable":true,"href":"https:\/\/www.swe-albtal-triathlon.de\/triathlon\/wp-json\/wp\/v2\/comments?post=116"}],"version-history":[{"count":108,"href":"https:\/\/www.swe-albtal-triathlon.de\/triathlon\/wp-json\/wp\/v2\/pages\/116\/revisions"}],"predecessor-version":[{"id":12950,"href":"https:\/\/www.swe-albtal-triathlon.de\/triathlon\/wp-json\/wp\/v2\/pages\/116\/revisions\/12950"}],"wp:attachment":[{"href":"https:\/\/www.swe-albtal-triathlon.de\/triathlon\/wp-json\/wp\/v2\/media?parent=116"}],"curies":[{"name":"wp","href":"https:\/\/api.w.org\/{rel}","templated":true}]}}