{"id":114,"date":"2022-12-16T20:57:39","date_gmt":"2022-12-16T19:57:39","guid":{"rendered":"https:\/\/www.swe-albtal-triathlon.de\/triathlon\/?page_id=114"},"modified":"2025-08-14T08:28:18","modified_gmt":"2025-08-14T06:28:18","slug":"besucher","status":"publish","type":"page","link":"https:\/\/www.swe-albtal-triathlon.de\/triathlon\/besucher\/","title":{"rendered":"Anwohner-Info"},"content":{"rendered":"\t\t<div data-elementor-type=\"wp-page\" data-elementor-id=\"114\" class=\"elementor elementor-114\">\n\t\t\t\t\t\t\t\t\t<section class=\"elementor-section elementor-top-section elementor-element elementor-element-45b140d elementor-section-boxed elementor-section-height-default elementor-section-height-default\" data-id=\"45b140d\" data-element_type=\"section\">\n\t\t\t\t\t\t<div class=\"elementor-container elementor-column-gap-default\">\n\t\t\t\t\t<div class=\"elementor-column elementor-col-100 elementor-top-column elementor-element elementor-element-ce21708\" data-id=\"ce21708\" data-element_type=\"column\">\n\t\t\t<div class=\"elementor-widget-wrap elementor-element-populated\">\n\t\t\t\t\t\t\t\t<div class=\"elementor-element elementor-element-6fb9232 elementor-widget elementor-widget-spacer\" data-id=\"6fb9232\" data-element_type=\"widget\" data-widget_type=\"spacer.default\">\n\t\t\t\t<div class=\"elementor-widget-container\">\n\t\t\t<style>\/*! elementor - v3.9.0 - 06-12-2022 *\/\n.elementor-column .elementor-spacer-inner{height:var(--spacer-size)}.e-con{--container-widget-width:100%}.e-con-inner>.elementor-widget-spacer,.e-con>.elementor-widget-spacer{width:var(--container-widget-width,var(--spacer-size));--align-self:var(--container-widget-align-self,initial);--flex-shrink:0}.e-con-inner>.elementor-widget-spacer>.elementor-widget-container,.e-con-inner>.elementor-widget-spacer>.elementor-widget-container>.elementor-spacer,.e-con>.elementor-widget-spacer>.elementor-widget-container,.e-con>.elementor-widget-spacer>.elementor-widget-container>.elementor-spacer{height:100%}.e-con-inner>.elementor-widget-spacer>.elementor-widget-container>.elementor-spacer>.elementor-spacer-inner,.e-con>.elementor-widget-spacer>.elementor-widget-container>.elementor-spacer>.elementor-spacer-inner{height:var(--container-widget-height,var(--spacer-size))}<\/style>\t\t<div class=\"elementor-spacer\">\n\t\t\t<div class=\"elementor-spacer-inner\"><\/div>\n\t\t<\/div>\n\t\t\t\t<\/div>\n\t\t\t\t<\/div>\n\t\t\t\t\t<\/div>\n\t\t<\/div>\n\t\t\t\t\t\t\t<\/div>\n\t\t<\/section>\n\t\t\t\t<section class=\"elementor-section elementor-top-section elementor-element elementor-element-e24efa5 elementor-section-boxed elementor-section-height-default elementor-section-height-default\" data-id=\"e24efa5\" data-element_type=\"section\">\n\t\t\t\t\t\t<div class=\"elementor-container elementor-column-gap-default\">\n\t\t\t\t\t<div class=\"elementor-column elementor-col-100 elementor-top-column elementor-element elementor-element-779a73c\" data-id=\"779a73c\" data-element_type=\"column\">\n\t\t\t<div class=\"elementor-widget-wrap elementor-element-populated\">\n\t\t\t\t\t\t\t\t<div class=\"elementor-element elementor-element-a9b03b6 elementor-widget elementor-widget-text-editor\" data-id=\"a9b03b6\" data-element_type=\"widget\" data-widget_type=\"text-editor.default\">\n\t\t\t\t<div class=\"elementor-widget-container\">\n\t\t\t<style>\/*! elementor - v3.9.0 - 06-12-2022 *\/\n.elementor-widget-text-editor.elementor-drop-cap-view-stacked .elementor-drop-cap{background-color:#818a91;color:#fff}.elementor-widget-text-editor.elementor-drop-cap-view-framed .elementor-drop-cap{color:#818a91;border:3px solid;background-color:transparent}.elementor-widget-text-editor:not(.elementor-drop-cap-view-default) .elementor-drop-cap{margin-top:8px}.elementor-widget-text-editor:not(.elementor-drop-cap-view-default) .elementor-drop-cap-letter{width:1em;height:1em}.elementor-widget-text-editor .elementor-drop-cap{float:left;text-align:center;line-height:1;font-size:50px}.elementor-widget-text-editor .elementor-drop-cap-letter{display:inline-block}<\/style>\t\t\t\t<p>W\u00e4hrend des Wettkampfes wird es im Streckenbereich zwischen <strong>8 und 14 Uhr<\/strong> zu Verkehrseinschr\u00e4nkungen kommen. Betroffen ist insbesondere die L607 rund um den Kreisverkehr beim Buchtzigsee\/Seestra\u00dfe:<\/p><ul><li>Von Malsch ausgehend ist die L607 nur bis Oberweier befahrbar<\/li><li>Von Ettlingenweier (R\u00f6merstra\u00dfe) und vom Industriegebiet (Rudolf-Plank-Stra\u00dfe) ausgehend kann die L607 nicht wie \u00fcblich befahren werden<\/li><li>Die Stra\u00dfe zwischen Ettlingen und Schluttenbach\/Sch\u00f6llbronn wird voll gesperrt sein<\/li><li>In Sch\u00f6llbronn ist die Schwester-Baptista Stra\u00dfe bis zum Kreisverkehr gesperrt<\/li><li>der Parkplatz des Buchtzigsees kann nicht wie \u00fcblich genutzt werden\u00a0<\/li><\/ul><p><strong>Entsprechende Umleitungen und Parkverbote werden ausgeschildert.<\/strong><\/p><p>Auch im Bereich des <strong>Hurstsees<\/strong> kann es auf den Wegen zu Beeintr\u00e4chtigungen kommen, da hier die Laufstrecke entlang f\u00fchrt (genauere Infos zum Verlauf der Strecke sind auf dieser Homepage unter &#8222;<span style=\"text-decoration: underline;\"><a href=\"https:\/\/www.swe-albtal-triathlon.de\/triathlon\/wettkampfstrecken\/\">Wettkampfstrecken<\/a><\/span>&#8220; zu finden). Anwohner\/Spazierg\u00e4nger\/See-Besucher werden gebeten, auf die Athleten R\u00fccksicht zu nehmen!<\/p><div>\u00a0<\/div>\t\t\t\t\t\t<\/div>\n\t\t\t\t<\/div>\n\t\t\t\t<div class=\"elementor-element elementor-element-a2f235c elementor-widget elementor-widget-spacer\" data-id=\"a2f235c\" data-element_type=\"widget\" data-widget_type=\"spacer.default\">\n\t\t\t\t<div class=\"elementor-widget-container\">\n\t\t\t\t\t<div class=\"elementor-spacer\">\n\t\t\t<div class=\"elementor-spacer-inner\"><\/div>\n\t\t<\/div>\n\t\t\t\t<\/div>\n\t\t\t\t<\/div>\n\t\t\t\t\t<\/div>\n\t\t<\/div>\n\t\t\t\t\t\t\t<\/div>\n\t\t<\/section>\n\t\t\t\t\t\t\t<\/div>\n\t\t","protected":false},"excerpt":{"rendered":"<p>W\u00e4hrend des Wettkampfes wird es im Streckenbereich zwischen 8 und 14 Uhr zu Verkehrseinschr\u00e4nkungen kommen. Betroffen ist insbesondere die L607 rund um den Kreisverkehr beim Buchtzigsee\/Seestra\u00dfe: Von Malsch ausgehend ist die L607 nur bis Oberweier befahrbar Von Ettlingenweier (R\u00f6merstra\u00dfe) und vom Industriegebiet (Rudolf-Plank-Stra\u00dfe) ausgehend kann die L607 nicht wie \u00fcblich befahren werden Die Stra\u00dfe zwischen [&hellip;]<\/p>\n","protected":false},"author":1,"featured_media":0,"parent":0,"menu_order":0,"comment_status":"closed","ping_status":"closed","template":"","meta":{"ngg_post_thumbnail":0,"footnotes":""},"class_list":["post-114","page","type-page","status-publish","hentry","entry"],"_links":{"self":[{"href":"https:\/\/www.swe-albtal-triathlon.de\/triathlon\/wp-json\/wp\/v2\/pages\/114","targetHints":{"allow":["GET"]}}],"collection":[{"href":"https:\/\/www.swe-albtal-triathlon.de\/triathlon\/wp-json\/wp\/v2\/pages"}],"about":[{"href":"https:\/\/www.swe-albtal-triathlon.de\/triathlon\/wp-json\/wp\/v2\/types\/page"}],"author":[{"embeddable":true,"href":"https:\/\/www.swe-albtal-triathlon.de\/triathlon\/wp-json\/wp\/v2\/users\/1"}],"replies":[{"embeddable":true,"href":"https:\/\/www.swe-albtal-triathlon.de\/triathlon\/wp-json\/wp\/v2\/comments?post=114"}],"version-history":[{"count":27,"href":"https:\/\/www.swe-albtal-triathlon.de\/triathlon\/wp-json\/wp\/v2\/pages\/114\/revisions"}],"predecessor-version":[{"id":11773,"href":"https:\/\/www.swe-albtal-triathlon.de\/triathlon\/wp-json\/wp\/v2\/pages\/114\/revisions\/11773"}],"wp:attachment":[{"href":"https:\/\/www.swe-albtal-triathlon.de\/triathlon\/wp-json\/wp\/v2\/media?parent=114"}],"curies":[{"name":"wp","href":"https:\/\/api.w.org\/{rel}","templated":true}]}}